{"id":114,"date":"2017-05-26T12:47:50","date_gmt":"2017-05-26T12:47:50","guid":{"rendered":"http:\/\/www.skutor.ba\/?page_id=114"},"modified":"2017-07-02T06:04:55","modified_gmt":"2017-07-02T06:04:55","slug":"o-nama","status":"publish","type":"page","link":"http:\/\/www.skutor.ba\/sr\/o-nama\/","title":{"rendered":"O nama"},"content":{"rendered":"<h1><code><\/code>O NAMA<\/h1>\n<p>Poduze\u0107e \u0160KUTOR d.o.o. Mostar nastalo je iz Samostalne obrtni\u010dke radnje \u0160KUTOR s.o.r. koja je po\u010dela sa radom 1998godine.<\/p>\n<p>s.o.r. \u0160KUTOR je osnovao Damir \u0160kutor uz potporu njegovog oca Josipa.<\/p>\n<p>Primarna djelatnost radionice je bila bru\u0161enje reznog alata I kao takva bila je prva privatna radionica te vrste na prostoru Hercegovine.<\/p>\n<p>Djelatnost poduze\u0107a \u0160kutor d.o.o. je u proteklih 10 godina pro\u0161irena na proizvodnju, servis, o\u0161trenje i prodaja reznog alata za drvo, metale i nemetale.<\/p>\n<p><strong>NA\u0160A VIZIJA<\/strong> je posti\u0107i i odr\u017eati vode\u0107u poziciju na tr\u017ei\u0161tu Bosne i Hercegovine u poslovanju reznim alatima.<\/p>\n<p><strong>NA\u0160 CILJ<\/strong> je posti\u0107i najvi\u0161e mogu\u0107e kvalitete usluge prilago\u0111ene zadovoljstvu na\u0161ih klijenata vlastitom proizvodnjom uz primjenu novih tehnologija.<\/p>\n","protected":false},"excerpt":{"rendered":"<p>O NAMA Poduze\u0107e \u0160KUTOR d.o.o. Mostar nastalo je iz Samostalne obrtni\u010dke radnje \u0160KUTOR s.o.r. koja je po\u010dela sa radom 1998godine. s.o.r. \u0160KUTOR je osnovao Damir \u0160kutor<span class=\"excerpt-hellip\"> [\u2026]<\/span><\/p>\n","protected":false},"author":1,"featured_media":0,"parent":0,"menu_order":2,"comment_status":"closed","ping_status":"closed","template":"","meta":{"footnotes":""},"class_list":["post-114","page","type-page","status-publish","hentry"],"translation":{"provider":"WPGlobus","version":"3.0.0","language":"sr","enabled_languages":["hr","en","ba","sr"],"languages":{"hr":{"title":true,"content":true,"excerpt":false},"en":{"title":false,"content":false,"excerpt":false},"ba":{"title":false,"content":false,"excerpt":false},"sr":{"title":false,"content":false,"excerpt":false}}},"_links":{"self":[{"href":"http:\/\/www.skutor.ba\/sr\/wp-json\/wp\/v2\/pages\/114","targetHints":{"allow":["GET"]}}],"collection":[{"href":"http:\/\/www.skutor.ba\/sr\/wp-json\/wp\/v2\/pages"}],"about":[{"href":"http:\/\/www.skutor.ba\/sr\/wp-json\/wp\/v2\/types\/page"}],"author":[{"embeddable":true,"href":"http:\/\/www.skutor.ba\/sr\/wp-json\/wp\/v2\/users\/1"}],"replies":[{"embeddable":true,"href":"http:\/\/www.skutor.ba\/sr\/wp-json\/wp\/v2\/comments?post=114"}],"version-history":[{"count":9,"href":"http:\/\/www.skutor.ba\/sr\/wp-json\/wp\/v2\/pages\/114\/revisions"}],"predecessor-version":[{"id":220,"href":"http:\/\/www.skutor.ba\/sr\/wp-json\/wp\/v2\/pages\/114\/revisions\/220"}],"wp:attachment":[{"href":"http:\/\/www.skutor.ba\/sr\/wp-json\/wp\/v2\/media?parent=114"}],"curies":[{"name":"wp","href":"https:\/\/api.w.org\/{rel}","templated":true}]}}